{"id":15,"date":"2025-11-18T20:04:59","date_gmt":"2025-11-18T20:04:59","guid":{"rendered":"https:\/\/nexoracapital.com.co\/?page_id=15"},"modified":"2026-03-09T14:53:26","modified_gmt":"2026-03-09T14:53:26","slug":"mesmerize","status":"publish","type":"page","link":"https:\/\/nexoracapital.com.co\/","title":{"rendered":"Front Page"},"content":{"rendered":"<div  id=\"overlappable-4\" style=\"background-color: #ffffff;\" data-label=\"Overlappable\" data-id=\"overlappable-4\" data-export-id=\"overlappable-4\" data-category=\"overlappable\" class=\"overlappable-4 content-section content-section-spacing\" data-overlap=\"true\"><div  class=\"gridContainer\"> <div  data-type=\"row\" class=\"row spaced-cols text-center\"><div  class=\"col-xs-12 col-sm-4 col-padding\"> <i  class=\"fa icon shadow-large-black aligncenter color1 fa-lightbulb-o reverse round large\"><\/i> <div  data-type=\"column\" class=\"\"> <h5  class=\"\" data-listener-added_a24337e9=\"true\">Infraestructura Energ\u00e9tica<\/h5> <p  class=\"\" data-listener-added_a24337e9=\"true\">Desarrollo y participaci\u00f3n en proyectos de transporte, almacenamiento y distribuci\u00f3n de combustibles, gas natural y derivados energ\u00e9ticos.<\/p><\/div> <\/div> <div  class=\"col-xs-12 col-sm-4 col-padding\"> <i  class=\"fa icon shadow-large-black aligncenter color1 fa-building reverse round large\"><\/i> <div  data-type=\"column\" class=\"\"><h5  class=\"\" data-listener-added_a24337e9=\"true\">Proyectos Inmobiliarios<\/h5> <p  class=\"\" data-listener-added_a24337e9=\"true\">Portafolio de desarrollos comerciales, industriales y residenciales enfocados en la generaci\u00f3n de valor territorial y empresarial.<\/p><\/div> <\/div> <div  class=\"col-xs-12 col-sm-4 col-padding\"> <i  class=\"fa icon shadow-large-black aligncenter color1 fa-globe reverse round large\"><\/i> <div  data-type=\"column\" class=\"\"><h5  class=\"\" data-listener-added_a24337e9=\"true\">Maquinaria e Importaciones<\/h5> <p  class=\"\" data-listener-added_a24337e9=\"true\">Proyectos de importaci\u00f3n y comercializaci\u00f3n de equipos industriales y tecnol\u00f3gicos para el sector energ\u00e9tico.<\/p><\/div> <\/div><\/div> <\/div><\/div><div  id=\"about-1\" style=\"background-color: #f5fafd;\" data-label=\"About\" data-id=\"about-1\" data-export-id=\"about-1\" data-category=\"about\" class=\"about-1 content-section\"><div  class=\"gridContainer\"> <div  class=\"row text-center\"><div  class=\"section-title-col\" data-type=\"column\"> <h5  class=\"\" data-listener-added_2d170644=\"true\">Impulsamos inversi\u00f3n, energ\u00eda e infraestructura con visi\u00f3n estrat\u00e9gica.<\/h5> <h2  class=\"\" data-listener-added_2d170644=\"true\">NEXORA CAPITAL S.A.S. es una compa\u00f1\u00eda colombiana dedicada a la estructuraci\u00f3n, inversi\u00f3n y desarrollo de proyectos en los sectores de hidrocarburos, gas natural, maquinaria industrial, infraestructura y negocios inmobiliarios.<\/h2> <p  class=\"lead\" data-listener-added_2d170644=\"true\">Soluciones integrales para el desarrollo energ\u00e9tico, industrial e inmobiliario.<\/p><\/div> <\/div> <div  class=\"row\"> <div  class=\"button-holder space-bottom space-bottom-small\" data-type=\"column\"> <a  class=\"button color1\" href=\"#\" target=\"_self\" data-cp-link=\"1\">Conoce nuestros servicios<\/a><\/div> <div  class=\"col-xs bottom-xs flexbox image-group-bottom-3-img space-bottom-xs center-xs\"> <img  decoding=\"async\" class=\"left-img shadow-large-black\" data-size=\"500x300\" src=\"https:\/\/nexoracapital.com.co\/wp-content\/uploads\/2025\/11\/cropped-pexels-kindelmedia-9800117-scaled-2.jpg\" title=\"pexels-kindelmedia-9800117\" alt=\"\"> <img  decoding=\"async\" class=\"center-img shadow-large-black\" data-size=\"500x300\" src=\"https:\/\/nexoracapital.com.co\/wp-content\/uploads\/2025\/11\/cropped-pexels-energepic-com-27411-159888-scaled-1.jpg\" title=\"pexels-energepic-com-27411-159888\" alt=\"\"> <img  decoding=\"async\" class=\"right-img shadow-large-black\" data-size=\"500x300\" src=\"https:\/\/nexoracapital.com.co\/wp-content\/uploads\/2025\/11\/cropped-Bombillo.jpg\" title=\"cropped-Bombillo.jpg\" alt=\"\"><\/div> <\/div><\/div> <\/div><div  id=\"features-3\" style=\"background-color: #ffffff;\" data-label=\"Features\" data-id=\"features-12-card-bordered\" data-export-id=\"features-12-card-bordered\" data-category=\"features\" class=\"features-12-card-bordered content-section content-section-spacing \"><div  class=\"gridContainer\"> <div  class=\"row text-center\"><div  class=\"section-title-col\" data-type=\"column\"> <h2  class=\"\" data-listener-added_2d170644=\"true\">SOBRE NOSOTROS<\/h2> <p  class=\"lead\" data-listener-added_2d170644=\"true\">Somos una sociedad de inversi\u00f3n y gesti\u00f3n de proyectos con enfoque multisectorial. Nuestro prop\u00f3sito es participar en negocios de alto impacto econ\u00f3mico a trav\u00e9s de inversiones estrat\u00e9gicas, comercializaci\u00f3n de combustibles y derivados, desarrollo inmobiliario, importaci\u00f3n de maquinaria y la ejecuci\u00f3n de infraestructura en sectores energ\u00e9ticos e industriales.<\/p><\/div> <\/div> <div  class=\"row spaced-cols\" data-type=\"row\"> <div  class=\"col-sm-6\"> <div  class=\"card row-card bordered y-move\"> <div  class=\"row\"> <div  class=\"col-sm-fit icon-column\"> <i  class=\"fa icon fa-connectdevelop round bordered color2\"><\/i> <\/div> <div  class=\"col-sm\" data-type=\"column\"> <h5  class=\"color2\" data-listener-added_2d170644=\"true\">Misi\u00f3n<\/h5> <p  class=\"\" data-listener-added_2d170644=\"true\">Desarrollar inversiones y proyectos estrat\u00e9gicos con altos est\u00e1ndares t\u00e9cnicos, generando valor sostenible para nuestros aliados, clientes y accionistas.<\/p><\/div> <\/div><\/div> <\/div> <div  class=\"col-sm-6\"> <div  class=\"card row-card bordered y-move\"> <div  class=\"row\"> <div  class=\"col-sm-fit icon-column\"> <i  class=\"fa icon fa-codepen round bordered color2\"><\/i> <\/div> <div  class=\"col-sm\" data-type=\"column\"> <h5  class=\"color2\" data-listener-added_2d170644=\"true\">Visi\u00f3n<\/h5> <p  class=\"\" data-listener-added_2d170644=\"true\">Ser un referente corporativo en inversiones, energ\u00eda, infraestructura y desarrollo inmobiliario, reconocidos por nuestra capacidad de ejecuci\u00f3n, innovaci\u00f3n y solidez operativa.<\/p><\/div> <\/div><\/div> <\/div>  <\/div> <\/div><\/div><div  id=\"content-13\" style=\"background-color: #f5fafd;\" data-label=\"Content\" data-id=\"content-2\" data-export-id=\"content-2\" data-category=\"content\" class=\"content-2 content-section content-section-spacing\"><div > <div  class=\"row middle-xs\"><div  class=\"col-sm-5 bg-image shadow-large-black\" data-bg=\"image\" style=\"background-image: url(&quot;https:\/\/nexoracapital.com.co\/wp-content\/uploads\/2025\/11\/cropped-Service-1.jpg&quot;);\"><\/div> <div  class=\"col-sm-7 full-col-left-padding full-col-right-padding\"> <div  class=\"row\"> <div  data-type=\"column\" class=\"space-bottom-small content-title-col\">  <h2  class=\"\" data-listener-added_2d170644=\"true\">SERVICIOS<\/h2> <p  class=\"\" data-listener-added_2d170644=\"true\">Estructuramos y administramos inversiones en empresas, proyectos, fondos privados, activos financieros y veh\u00edculos de capital en diversos sectores econ\u00f3micos, con enfoque en sostenibilidad, crecimiento y generaci\u00f3n de valor.<\/p><\/div> <\/div> <div  class=\"row spaced-cols \" data-type=\"row\"> <div  class=\"col-xs-6\" data-type=\"column\"> <h5  class=\"\" data-listener-added_2d170644=\"true\">Hidrocarburos, Combustibles y Gas Natural<\/h5> <p  class=\"\" data-listener-added_2d170644=\"true\">Desarrollamos actividades de compra, importaci\u00f3n, almacenamiento, transporte, distribuci\u00f3n y comercializaci\u00f3n de combustibles y derivados del petr\u00f3leo.<\/p><\/div> <div  class=\"col-xs-6\" data-type=\"column\"><h5  class=\"\" data-listener-added_2d170644=\"true\">Importaci\u00f3n y Comercializaci\u00f3n de Maquinaria<\/h5> <p  class=\"\" data-listener-added_2d170644=\"true\">Importamos y comercializamos maquinaria, equipos industriales, repuestos y tecnolog\u00eda para operaciones de exploraci\u00f3n, transporte, refinaci\u00f3n y procesamiento de hidrocarburos y combustibles.<\/p><\/div> <div  class=\"col-xs-6\" data-type=\"column\"><h5  class=\"\" data-listener-added_2d170644=\"true\">Infraestructura y Construcci\u00f3n<\/h5> <p  class=\"\" data-listener-added_2d170644=\"true\">Ejecutamos proyectos de construcci\u00f3n, adecuaci\u00f3n y modernizaci\u00f3n de plantas, terminales, centros de acopio, refiner\u00edas, estaciones de servicio y obras asociadas al sector energ\u00e9tico e industrial.<\/p><\/div> <div  class=\"col-xs-6\" data-type=\"column\"><h5  class=\"\" data-listener-added_2d170644=\"true\">Proyectos Inmobiliarios<\/h5> <p  class=\"\" data-listener-added_2d170644=\"true\">Desarrollamos, promovemos y comercializamos bienes inmuebles urbanos y rurales. Gestionamos proyectos de vivienda, comercio, industria y log\u00edstica, apoyados en estructuras fiduciarias y modelos de inversi\u00f3n inmobiliaria.<\/p><\/div> <\/div><\/div> <\/div><\/div> <\/div>","protected":false},"excerpt":{"rendered":"<p>Infraestructura Energ\u00e9tica Desarrollo y participaci\u00f3n en proyectos de transporte, almacenamiento y distribuci\u00f3n de combustibles, gas natural y derivados energ\u00e9ticos. Proyectos Inmobiliarios Portafolio de desarrollos comerciales, industriales y residenciales enfocados en la generaci\u00f3n de valor territorial y empresarial. Maquinaria e Importaciones Proyectos de importaci\u00f3n y comercializaci\u00f3n de equipos industriales y tecnol\u00f3gicos para el sector energ\u00e9tico. Impulsamos&hellip; <br \/> <a class=\"read-more\" href=\"https:\/\/nexoracapital.com.co\/\">Leer m\u00e1s<\/a><\/p>\n","protected":false},"author":1,"featured_media":0,"parent":0,"menu_order":0,"comment_status":"closed","ping_status":"closed","template":"page-templates\/homepage.php","meta":{"footnotes":""},"class_list":["post-15","page","type-page","status-publish","hentry"],"yoast_head":"<!-- This site is optimized with the Yoast SEO plugin v26.9 - https:\/\/yoast.com\/product\/yoast-seo-wordpress\/ -->\n<title>Front Page - Nexora Capital<\/title>\n<meta name=\"robots\" content=\"index, follow, max-snippet:-1, max-image-preview:large, max-video-preview:-1\" \/>\n<link rel=\"canonical\" href=\"https:\/\/nexoracapital.com.co\/\" \/>\n<meta property=\"og:locale\" content=\"es_ES\" \/>\n<meta property=\"og:type\" content=\"article\" \/>\n<meta property=\"og:title\" content=\"Front Page - Nexora Capital\" \/>\n<meta property=\"og:description\" content=\"Infraestructura Energ\u00e9tica Desarrollo y participaci\u00f3n en proyectos de transporte, almacenamiento y distribuci\u00f3n de combustibles, gas natural y derivados energ\u00e9ticos. Proyectos Inmobiliarios Portafolio de desarrollos comerciales, industriales y residenciales enfocados en la generaci\u00f3n de valor territorial y empresarial. Maquinaria e Importaciones Proyectos de importaci\u00f3n y comercializaci\u00f3n de equipos industriales y tecnol\u00f3gicos para el sector energ\u00e9tico. Impulsamos&hellip; Leer m\u00e1s\" \/>\n<meta property=\"og:url\" content=\"https:\/\/nexoracapital.com.co\/\" \/>\n<meta property=\"og:site_name\" content=\"Nexora Capital\" \/>\n<meta property=\"article:modified_time\" content=\"2026-03-09T14:53:26+00:00\" \/>\n<meta property=\"og:image\" content=\"https:\/\/nexoracapital.com.co\/wp-content\/uploads\/2025\/11\/cropped-pexels-kindelmedia-9800117-scaled-2.jpg\" \/>\n<meta name=\"twitter:card\" content=\"summary_large_image\" \/>\n<meta name=\"twitter:label1\" content=\"Tiempo de lectura\" \/>\n\t<meta name=\"twitter:data1\" content=\"2 minutos\" \/>\n<script type=\"application\/ld+json\" class=\"yoast-schema-graph\">{\"@context\":\"https:\/\/schema.org\",\"@graph\":[{\"@type\":\"WebPage\",\"@id\":\"https:\/\/nexoracapital.com.co\/\",\"url\":\"https:\/\/nexoracapital.com.co\/\",\"name\":\"Front Page - Nexora Capital\",\"isPartOf\":{\"@id\":\"https:\/\/nexoracapital.com.co\/#website\"},\"primaryImageOfPage\":{\"@id\":\"https:\/\/nexoracapital.com.co\/#primaryimage\"},\"image\":{\"@id\":\"https:\/\/nexoracapital.com.co\/#primaryimage\"},\"thumbnailUrl\":\"https:\/\/nexoracapital.com.co\/wp-content\/uploads\/2025\/11\/cropped-pexels-kindelmedia-9800117-scaled-2.jpg\",\"datePublished\":\"2025-11-18T20:04:59+00:00\",\"dateModified\":\"2026-03-09T14:53:26+00:00\",\"breadcrumb\":{\"@id\":\"https:\/\/nexoracapital.com.co\/#breadcrumb\"},\"inLanguage\":\"es-CO\",\"potentialAction\":[{\"@type\":\"ReadAction\",\"target\":[\"https:\/\/nexoracapital.com.co\/\"]}]},{\"@type\":\"ImageObject\",\"inLanguage\":\"es-CO\",\"@id\":\"https:\/\/nexoracapital.com.co\/#primaryimage\",\"url\":\"https:\/\/nexoracapital.com.co\/wp-content\/uploads\/2025\/11\/cropped-pexels-kindelmedia-9800117-scaled-2.jpg\",\"contentUrl\":\"https:\/\/nexoracapital.com.co\/wp-content\/uploads\/2025\/11\/cropped-pexels-kindelmedia-9800117-scaled-2.jpg\",\"width\":2557,\"height\":1538},{\"@type\":\"BreadcrumbList\",\"@id\":\"https:\/\/nexoracapital.com.co\/#breadcrumb\",\"itemListElement\":[{\"@type\":\"ListItem\",\"position\":1,\"name\":\"Inicio\",\"item\":\"https:\/\/nexoracapital.com.co\/\"},{\"@type\":\"ListItem\",\"position\":2,\"name\":\"Front Page\"}]},{\"@type\":\"WebSite\",\"@id\":\"https:\/\/nexoracapital.com.co\/#website\",\"url\":\"https:\/\/nexoracapital.com.co\/\",\"name\":\"Nexora Capital\",\"description\":\"\",\"publisher\":{\"@id\":\"https:\/\/nexoracapital.com.co\/#organization\"},\"potentialAction\":[{\"@type\":\"SearchAction\",\"target\":{\"@type\":\"EntryPoint\",\"urlTemplate\":\"https:\/\/nexoracapital.com.co\/?s={search_term_string}\"},\"query-input\":{\"@type\":\"PropertyValueSpecification\",\"valueRequired\":true,\"valueName\":\"search_term_string\"}}],\"inLanguage\":\"es-CO\"},{\"@type\":\"Organization\",\"@id\":\"https:\/\/nexoracapital.com.co\/#organization\",\"name\":\"Nexora Capital\",\"url\":\"https:\/\/nexoracapital.com.co\/\",\"logo\":{\"@type\":\"ImageObject\",\"inLanguage\":\"es-CO\",\"@id\":\"https:\/\/nexoracapital.com.co\/#\/schema\/logo\/image\/\",\"url\":\"https:\/\/nexoracapital.com.co\/wp-content\/uploads\/2025\/11\/NexoraCapital-07.png\",\"contentUrl\":\"https:\/\/nexoracapital.com.co\/wp-content\/uploads\/2025\/11\/NexoraCapital-07.png\",\"width\":2227,\"height\":1472,\"caption\":\"Nexora Capital\"},\"image\":{\"@id\":\"https:\/\/nexoracapital.com.co\/#\/schema\/logo\/image\/\"}}]}<\/script>\n<!-- \/ Yoast SEO plugin. -->","yoast_head_json":{"title":"Front Page - Nexora Capital","robots":{"index":"index","follow":"follow","max-snippet":"max-snippet:-1","max-image-preview":"max-image-preview:large","max-video-preview":"max-video-preview:-1"},"canonical":"https:\/\/nexoracapital.com.co\/","og_locale":"es_ES","og_type":"article","og_title":"Front Page - Nexora Capital","og_description":"Infraestructura Energ\u00e9tica Desarrollo y participaci\u00f3n en proyectos de transporte, almacenamiento y distribuci\u00f3n de combustibles, gas natural y derivados energ\u00e9ticos. Proyectos Inmobiliarios Portafolio de desarrollos comerciales, industriales y residenciales enfocados en la generaci\u00f3n de valor territorial y empresarial. Maquinaria e Importaciones Proyectos de importaci\u00f3n y comercializaci\u00f3n de equipos industriales y tecnol\u00f3gicos para el sector energ\u00e9tico. Impulsamos&hellip; Leer m\u00e1s","og_url":"https:\/\/nexoracapital.com.co\/","og_site_name":"Nexora Capital","article_modified_time":"2026-03-09T14:53:26+00:00","og_image":[{"url":"https:\/\/nexoracapital.com.co\/wp-content\/uploads\/2025\/11\/cropped-pexels-kindelmedia-9800117-scaled-2.jpg","type":"","width":"","height":""}],"twitter_card":"summary_large_image","twitter_misc":{"Tiempo de lectura":"2 minutos"},"schema":{"@context":"https:\/\/schema.org","@graph":[{"@type":"WebPage","@id":"https:\/\/nexoracapital.com.co\/","url":"https:\/\/nexoracapital.com.co\/","name":"Front Page - Nexora Capital","isPartOf":{"@id":"https:\/\/nexoracapital.com.co\/#website"},"primaryImageOfPage":{"@id":"https:\/\/nexoracapital.com.co\/#primaryimage"},"image":{"@id":"https:\/\/nexoracapital.com.co\/#primaryimage"},"thumbnailUrl":"https:\/\/nexoracapital.com.co\/wp-content\/uploads\/2025\/11\/cropped-pexels-kindelmedia-9800117-scaled-2.jpg","datePublished":"2025-11-18T20:04:59+00:00","dateModified":"2026-03-09T14:53:26+00:00","breadcrumb":{"@id":"https:\/\/nexoracapital.com.co\/#breadcrumb"},"inLanguage":"es-CO","potentialAction":[{"@type":"ReadAction","target":["https:\/\/nexoracapital.com.co\/"]}]},{"@type":"ImageObject","inLanguage":"es-CO","@id":"https:\/\/nexoracapital.com.co\/#primaryimage","url":"https:\/\/nexoracapital.com.co\/wp-content\/uploads\/2025\/11\/cropped-pexels-kindelmedia-9800117-scaled-2.jpg","contentUrl":"https:\/\/nexoracapital.com.co\/wp-content\/uploads\/2025\/11\/cropped-pexels-kindelmedia-9800117-scaled-2.jpg","width":2557,"height":1538},{"@type":"BreadcrumbList","@id":"https:\/\/nexoracapital.com.co\/#breadcrumb","itemListElement":[{"@type":"ListItem","position":1,"name":"Inicio","item":"https:\/\/nexoracapital.com.co\/"},{"@type":"ListItem","position":2,"name":"Front Page"}]},{"@type":"WebSite","@id":"https:\/\/nexoracapital.com.co\/#website","url":"https:\/\/nexoracapital.com.co\/","name":"Nexora Capital","description":"","publisher":{"@id":"https:\/\/nexoracapital.com.co\/#organization"},"potentialAction":[{"@type":"SearchAction","target":{"@type":"EntryPoint","urlTemplate":"https:\/\/nexoracapital.com.co\/?s={search_term_string}"},"query-input":{"@type":"PropertyValueSpecification","valueRequired":true,"valueName":"search_term_string"}}],"inLanguage":"es-CO"},{"@type":"Organization","@id":"https:\/\/nexoracapital.com.co\/#organization","name":"Nexora Capital","url":"https:\/\/nexoracapital.com.co\/","logo":{"@type":"ImageObject","inLanguage":"es-CO","@id":"https:\/\/nexoracapital.com.co\/#\/schema\/logo\/image\/","url":"https:\/\/nexoracapital.com.co\/wp-content\/uploads\/2025\/11\/NexoraCapital-07.png","contentUrl":"https:\/\/nexoracapital.com.co\/wp-content\/uploads\/2025\/11\/NexoraCapital-07.png","width":2227,"height":1472,"caption":"Nexora Capital"},"image":{"@id":"https:\/\/nexoracapital.com.co\/#\/schema\/logo\/image\/"}}]}},"_links":{"self":[{"href":"https:\/\/nexoracapital.com.co\/index.php?rest_route=\/wp\/v2\/pages\/15","targetHints":{"allow":["GET"]}}],"collection":[{"href":"https:\/\/nexoracapital.com.co\/index.php?rest_route=\/wp\/v2\/pages"}],"about":[{"href":"https:\/\/nexoracapital.com.co\/index.php?rest_route=\/wp\/v2\/types\/page"}],"author":[{"embeddable":true,"href":"https:\/\/nexoracapital.com.co\/index.php?rest_route=\/wp\/v2\/users\/1"}],"replies":[{"embeddable":true,"href":"https:\/\/nexoracapital.com.co\/index.php?rest_route=%2Fwp%2Fv2%2Fcomments&post=15"}],"version-history":[{"count":10,"href":"https:\/\/nexoracapital.com.co\/index.php?rest_route=\/wp\/v2\/pages\/15\/revisions"}],"predecessor-version":[{"id":75,"href":"https:\/\/nexoracapital.com.co\/index.php?rest_route=\/wp\/v2\/pages\/15\/revisions\/75"}],"wp:attachment":[{"href":"https:\/\/nexoracapital.com.co\/index.php?rest_route=%2Fwp%2Fv2%2Fmedia&parent=15"}],"curies":[{"name":"wp","href":"https:\/\/api.w.org\/{rel}","templated":true}]}}